{"id":4400,"date":"2021-10-12T15:51:09","date_gmt":"2021-10-12T15:51:09","guid":{"rendered":"http:\/\/dummy.xtemos.com\/woodmart2\/elementor\/?page_id=4400"},"modified":"2025-06-18T09:04:45","modified_gmt":"2025-06-18T09:04:45","slug":"about-us-3","status":"publish","type":"page","link":"https:\/\/nurmarmermer.com.tr\/?page_id=4400","title":{"rendered":"Hakk\u0131m\u0131zda"},"content":{"rendered":"\t\t<div data-elementor-type=\"wp-page\" data-elementor-id=\"4400\" class=\"elementor elementor-4400\">\n\t\t\t\t<div class=\"wd-negative-gap elementor-element elementor-element-7c7c544 e-flex e-con-boxed e-con e-parent\" data-id=\"7c7c544\" data-element_type=\"container\">\n\t\t\t\t\t<div class=\"e-con-inner\">\n\t\t<div class=\"elementor-element elementor-element-e7cb5cd e-con-full e-flex e-con e-child\" data-id=\"e7cb5cd\" data-element_type=\"container\">\n\t\t\t\t<div class=\"elementor-element elementor-element-56aec39 elementor-widget elementor-widget-wd_image_or_svg\" data-id=\"56aec39\" data-element_type=\"widget\" data-widget_type=\"wd_image_or_svg.default\">\n\t\t\t\t<div class=\"elementor-widget-container\">\n\t\t\t\t\t\n\t\t<div class=\"wd-image text-left\">\n\t\t\t\t\t\t\t\t<img fetchpriority=\"high\" decoding=\"async\" width=\"580\" height=\"580\" src=\"https:\/\/nurmarmermer.com.tr\/wp-content\/uploads\/2025\/06\/Adsiz-tasarim-2025-06-18T120405.722.png\" class=\"attachment-full size-full\" alt=\"\" srcset=\"https:\/\/nurmarmermer.com.tr\/wp-content\/uploads\/2025\/06\/Adsiz-tasarim-2025-06-18T120405.722.png 580w, https:\/\/nurmarmermer.com.tr\/wp-content\/uploads\/2025\/06\/Adsiz-tasarim-2025-06-18T120405.722-300x300.png 300w, https:\/\/nurmarmermer.com.tr\/wp-content\/uploads\/2025\/06\/Adsiz-tasarim-2025-06-18T120405.722-150x150.png 150w, https:\/\/nurmarmermer.com.tr\/wp-content\/uploads\/2025\/06\/Adsiz-tasarim-2025-06-18T120405.722-430x430.png 430w\" sizes=\"(max-width: 580px) 100vw, 580px\" \/>\t\t\t\t\t<\/div>\n\n\t\t\t\t\t\t<\/div>\n\t\t\t\t<\/div>\n\t\t\t\t<\/div>\n\t\t<div class=\"elementor-element elementor-element-97d6084 e-con-full e-flex e-con e-child\" data-id=\"97d6084\" data-element_type=\"container\">\n\t\t\t\t<div class=\"elementor-element elementor-element-98d830b elementor-widget__width-initial wd-width-100 elementor-widget elementor-widget-wd_title\" data-id=\"98d830b\" data-element_type=\"widget\" data-widget_type=\"wd_title.default\">\n\t\t\t\t<div class=\"elementor-widget-container\">\n\t\t\t\t\t\t\t\t<link rel=\"stylesheet\" id=\"wd-section-title-css\" href=\"https:\/\/nurmarmermer.com.tr\/wp-content\/themes\/woodmart\/css\/parts\/el-section-title.min.css?ver=7.6.0\" type=\"text\/css\" media=\"all\" \/> \t\t\t\t\t<div class=\"title-wrapper set-mb-s reset-last-child wd-title-color-primary wd-title-style-default wd-title-size-large text-left\">\n\n\t\t\t\t\t\t\t<div class=\"title-subtitle subtitle-color-primary subtitle-style-default wd-fontsize-xs\">\n\t\t\t\t\tNurmar Mermer\t\t\t\t<\/div>\n\t\t\t\n\t\t\t<div class=\"liner-continer\">\n\t\t\t\t<h4 class=\"woodmart-title-container title wd-fontsize-xxl\">Hakk\u0131m\u0131zda<\/h4> \n\t\t\t\t\t\t\t<\/div>\n\n\t\t\t\t\t<\/div>\n\t\t\t\t\t\t<\/div>\n\t\t\t\t<\/div>\n\t\t\t\t<div class=\"elementor-element elementor-element-66e47ad elementor-widget elementor-widget-wd_text_block\" data-id=\"66e47ad\" data-element_type=\"widget\" data-widget_type=\"wd_text_block.default\">\n\t\t\t\t<div class=\"elementor-widget-container\">\n\t\t\t\t\t\t\t\t<link rel=\"stylesheet\" id=\"wd-text-block-css\" href=\"https:\/\/nurmarmermer.com.tr\/wp-content\/themes\/woodmart\/css\/parts\/el-text-block.min.css?ver=7.6.0\" type=\"text\/css\" media=\"all\" \/> \t\t\t\t\t<div class=\"wd-text-block reset-last-child text-left\">\n\t\t\t\n\t\t\t<p>Kuruldu\u011fumuz ilk y\u0131llarda mermer ve traverten \u00fczerine benimsedi\u011fimiz \u00e7al\u0131\u015fma bi\u00e7imi ve ilkemizi, geli\u015fen teknoloji ve \u015fartlar do\u011frultusunda 2000'li y\u0131llarda granitle, g\u00fcn\u00fcm\u00fczde ise kuvars ve porselen malzemeler ile peki\u015ftirerek t\u00fcm bu alanlarda faaliyet g\u00f6stermekteyiz.<\/p><p>\u0130lk g\u00fcnden beri de\u011fi\u015fmeyen kaliteli, sa\u011flam, teknolojik ve m\u00fc\u015fteri odakl\u0131 \u00e7\u00f6z\u00fcmler \u00fcretme ilkemizi halen benimsemekteyiz. Bu ilkeler do\u011frultusunda kendimizi geli\u015ftirmek ve alan\u0131m\u0131zda kal\u0131c\u0131 eserler ortaya \u00e7\u0131karmak temel prensibimizi olu\u015fturmaktad\u0131r. \u0130lkelerimize ba\u011fl\u0131 olarak hedefimiz, profesyonel \u00e7al\u0131\u015fan kadromuz ve makine parkurumuz ile, faaliyet alan\u0131m\u0131zdaki projelerinize yan\u0131t verebilmektir.Bu ama\u00e7lara y\u00f6nelik olarak siz m\u00fc\u015fterilerimize en uygun \u00e7\u00f6z\u00fcmleri sunarken, maksimal kalite ve minimal maliyet ile kal\u0131c\u0131 eserler ortaya koymaktay\u0131z.<\/p><p>\u015eirketimizin \u00f6nemli prensiplerinden bir di\u011feri de;<\/p><p>\u00dcretti\u011fimiz projelerde kaliteden ve kal\u0131c\u0131l\u0131ktan \u00f6d\u00fcn vermeden en iyi g\u00f6rsel sunumu yapabilmektir.<\/p><p>Bu ama\u00e7lar \u00e7er\u00e7evesinde, i\u015fimize duydu\u011fumuz sevgiyle beraber, \u015firketimiz zaman i\u00e7inde aile \u015firketine d\u00f6n\u00fc\u015fm\u00fc\u015ft\u00fcr. Babadan o\u011fula iki ku\u015fak olarak g\u00fcn\u00fcm\u00fczde hizmet vermeye devam etmektedir<\/p><p>\u00dcretti\u011fimiz kal\u0131c\u0131 \u00e7\u00f6z\u00fcmlerle kurulu\u015fumuzdan itibaren in\u015fa etti\u011fimiz projelerin arkas\u0131nda durman\u0131n hakl\u0131 gururu i\u00e7erisinde \u00fcretece\u011fimiz yeni projelerin de arkas\u0131nda durmaktan hi\u00e7bir teredd\u00fct duymamaktay\u0131z.<\/p>\n\t\t\t\t\t<\/div>\n\t\t\t\t\t\t<\/div>\n\t\t\t\t<\/div>\n\t\t\t\t<\/div>\n\t\t\t\t\t<\/div>\n\t\t\t\t<\/div>\n\t\t\t\t<\/div>\n\t\t","protected":false},"excerpt":{"rendered":"<p>Nurmar Mermer Hakk\u0131m\u0131zda Kuruldu\u011fumuz ilk y\u0131llarda mermer ve traverten \u00fczerine benimsedi\u011fimiz \u00e7al\u0131\u015fma bi\u00e7imi ve ilkemizi, geli\u015fen teknoloji ve \u015fartlar do\u011frultusunda<\/p>\n","protected":false},"author":1,"featured_media":0,"parent":0,"menu_order":0,"comment_status":"closed","ping_status":"closed","template":"","meta":{"footnotes":""},"class_list":["post-4400","page","type-page","status-publish","hentry"],"_links":{"self":[{"href":"https:\/\/nurmarmermer.com.tr\/index.php?rest_route=\/wp\/v2\/pages\/4400","targetHints":{"allow":["GET"]}}],"collection":[{"href":"https:\/\/nurmarmermer.com.tr\/index.php?rest_route=\/wp\/v2\/pages"}],"about":[{"href":"https:\/\/nurmarmermer.com.tr\/index.php?rest_route=\/wp\/v2\/types\/page"}],"author":[{"embeddable":true,"href":"https:\/\/nurmarmermer.com.tr\/index.php?rest_route=\/wp\/v2\/users\/1"}],"replies":[{"embeddable":true,"href":"https:\/\/nurmarmermer.com.tr\/index.php?rest_route=%2Fwp%2Fv2%2Fcomments&post=4400"}],"version-history":[{"count":4,"href":"https:\/\/nurmarmermer.com.tr\/index.php?rest_route=\/wp\/v2\/pages\/4400\/revisions"}],"predecessor-version":[{"id":15594,"href":"https:\/\/nurmarmermer.com.tr\/index.php?rest_route=\/wp\/v2\/pages\/4400\/revisions\/15594"}],"wp:attachment":[{"href":"https:\/\/nurmarmermer.com.tr\/index.php?rest_route=%2Fwp%2Fv2%2Fmedia&parent=4400"}],"curies":[{"name":"wp","href":"https:\/\/api.w.org\/{rel}","templated":true}]}}